{"id":496,"date":"2020-05-04T20:02:47","date_gmt":"2020-05-04T18:02:47","guid":{"rendered":"https:\/\/talentcenter.tertia.de\/duesseldorf\/?page_id=496"},"modified":"2020-05-11T16:16:29","modified_gmt":"2020-05-11T14:16:29","slug":"impressum","status":"publish","type":"page","link":"https:\/\/talentcenter.tertia.de\/duesseldorf\/impressum\/","title":{"rendered":"Impressum"},"content":{"rendered":"<p>[vc_row][vc_column][vc_column_text]<\/p>\r\n<p><strong>TERTIA GmbH<\/strong><br \/>Sch\u00f6ntalweg 7<br \/>53347 Alfter b. Bonn<\/p>\r\n\r\n<p><strong>Gesch\u00e4ftsf\u00fchrerin:<\/strong><br \/>Dr. Kristine M\u00f6rchen<\/p>\r\n\r\n<p><strong>Register und Registernummer:<\/strong><br \/>Amtsgericht Bonn<br \/>HRB 13 614<\/p>\r\n\r\n<p><strong>Umsatzsteuer-Identifikationsnummer:<\/strong><br \/>DE 814616258<\/p>\r\n\r\n<p><strong>Kontakt:<\/strong><br \/>Tel.: +49 228 \u2013 64807-0<br \/>Fax: +49 228 \u2013 64807-470<br \/>E-Mail: info[at]tertia.de<\/p>\r\n<p>\u00a0<\/p>\r\n\r\n<figure class=\"wp-block-image\"><img decoding=\"async\" src=\"https:\/\/www.tertia.de\/sites\/all\/modules\/ckeditor\/ckfinder\/userfiles\/images\/logo_tbf(2).png\" alt=\"Logo TBF\" \/><\/figure>\r\n\r\n<p><strong>TERTIA Berufsf\u00f6rderung GmbH &amp; Co. KG<\/strong><\/p>\r\n\r\n<p><strong>Pers\u00f6nlich haftende Gesellschafterin:<\/strong><br \/>TERTIA Verwaltungs GmbH<\/p>\r\n\r\n<p><strong>Handelsregister:<\/strong><br \/>Amtsgericht Bonn, HRB 80 30<\/p>\r\n\r\n<p><strong>Sitz der Kommanditgesellschaft:<\/strong><br \/>Alfter, Amtsgericht Bonn HRA 64 02<\/p>\r\n<p><strong>Gesch\u00e4ftsf\u00fchrer:<\/strong><br \/>Dr. Kristine M\u00f6rchen, Melanie Paffenholz, Reiner Engel, Ulrich Schultes<\/p>\r\n<!-- \/wp:paragraph -->\r\n<p><!-- wp:paragraph --><strong>Redaktionelle Verantwortung:<\/strong><br \/>TERTIA GmbH<br \/>Andreas Kraetsch<br \/>Sch\u00f6ntalweg 7<br \/>53347 Alfter b. Bonn<br \/><a href=\"https:\/\/www.tertia.de\/user\/88\/contact\">E-Mail<\/a><\/p>\r\n<!-- \/wp:paragraph -->\r\n<p><!-- wp:paragraph --><strong>Rechtliche Hinweise:<\/strong><br \/>Das Talentcenter der TERTIA Berufsf\u00f6rderung GmbH &amp; Co. KG freut sich \u00fcber Ihren Besuch auf diesem Blog und Ihr Interesse an unseren Leistungen und Produkten. Bitte beachten Sie die folgenden Hinweise zur Nutzung ders TERTIA-Talentcenter D\u00fcsseldorf Blog:<\/p>\r\n<p><!-- \/wp:paragraph --><strong>Copyrights<\/strong>:<\/p>\r\n<!-- \/wp:paragraph -->\r\n<p><!-- wp:paragraph -->\u00a9 TERTIA GmbH, Alfter b. Bonn, Deutschland<br \/>bzw. die nachbenannten Rechteinhaber<\/p>\r\n<!-- \/wp:paragraph -->\r\n<p><!-- wp:paragraph -->Inhalt und Struktur sowie Markenbezeichnungen (Warenzeichen), Logos, Bilder, Grafiken, Texte, Charts, Sounds, Animationen und Videos sowie deren Anordnung auf der TERTIA-Website sind urheberrechtlich gesch\u00fctzt. Jede Verwendung ist ohne ausdr\u00fcckliche und schriftliche vorherige Zustimmung der TERTIA GmbH bzw. der nachbenannten Rechteinhaber unzul\u00e4ssig. Dies gilt insbesondere f\u00fcr Vervielf\u00e4ltigungen, \u00dcbersetzungen, Mikroverfilmungen und die Verarbeitung in elektronischen Systemen.<\/p>\r\n<p><!-- \/wp:paragraph --><br \/><!-- wp:paragraph --><strong>Haftungshinweis:<\/strong><\/p>\r\n<!-- \/wp:paragraph -->\r\n<p><!-- wp:paragraph -->Die TERTIA-Website und ihre Inhalte wurden mit gr\u00f6\u00dftm\u00f6glicher Sorgfalt zusammengestellt. Die TERTIA GmbH \u00fcbernimmt jedoch keine Haftung oder Garantie f\u00fcr Aktualit\u00e4t, Richtigkeit und Vollst\u00e4ndigkeit der auf dieser Website bereitgestellten Informationen. TERTIA GmbH schlie\u00dft jegliche Haftung f\u00fcr den Fall von Irrt\u00fcmern oder Auslassungen auf unserer Website aus.<\/p>\r\n<!-- \/wp:paragraph -->\r\n<p><!-- wp:paragraph -->Die TERTIA GmbH beh\u00e4lt sich das Recht vor, ohne vorherige Ank\u00fcndigung \u00c4nderungen oder Erg\u00e4nzungen der bereitgestellten Informationen vorzunehmen.<\/p>\r\n<!-- \/wp:paragraph -->\r\n<p><!-- wp:paragraph -->Das Landgericht Hamburg hat mit Urteil vom 12.05.1998 entschieden, dass man durch die Anbringung eines Links Inhalte der verlinkten Seiten ggf. mit zu verantworten hat. Dies kann &#8211; so das LG &#8211; nur dadurch verhindert werden, dass man sich ausdr\u00fccklich von diesen Inhalten distanziert.<br \/>Deshalb wird an dieser Stelle ausdr\u00fccklich erkl\u00e4rt, dass der Betreiber dieser Webseite keinerlei Einfluss auf die Gestaltung und die Inhalte der verlinkten Seiten hat. Der Betreiber distanziert sich aus diesem Grunde ausdr\u00fccklich von allen Inhalten aller verlinkten Seiten und macht sich die Inhalte nicht zu eigen. Diese Erkl\u00e4rung gilt f\u00fcr alle auf der Website gezeigten Links und f\u00fcr alle Inhalte der Seiten, zu denen die bei <a href=\"http:\/\/www.tertia.de\">www.tertia.de<\/a> eingef\u00fcgten Links f\u00fchren.<\/p>\r\n<!-- \/wp:paragraph -->\r\n<p><!-- wp:paragraph --><strong>Zertifizierung:<\/strong><\/p>\r\n<!-- wp:image -->\r\n<figure class=\"wp-block-image\"><img decoding=\"async\" src=\"https:\/\/www.tertia.de\/sites\/all\/modules\/ckeditor\/ckfinder\/userfiles\/images\/zertifikat.png\" alt=\"\" \/><\/figure>\r\n<!-- \/wp:image -->\r\n<p><!-- wp:paragraph -->TERTIA ist zertifiziert\u00a0nach DIN EN ISO 9001:2015 und AZAV.<\/p>\r\n<p><!-- \/wp:paragraph -->[\/vc_column_text][\/vc_column][\/vc_row][vc_row][vc_column][vc_column_text]<\/p>\r\n<h2>Bildernachweis<\/h2>\r\n<p><strong>Pixabay:<br \/><\/strong>Wir danken <a href=\"https:\/\/pixabay.com\/de\/\">Pixabay.com<\/a> f\u00fcr das Zurverf\u00fcgungstellen dieser hervorragenden Bilder!<\/p>\r\n<p><strong>Fotolia\/Adobe Stock:<br \/><\/strong>Startseite: <span class=\"grey dove-text\">Join a successful team<\/span><span class=\"grey dove-text\">!<\/span><span class=\"grey mountain-mist-text\" data-t=\"detail-panel-content-author-by-label\"> By <\/span> <span class=\"blue bleu-de-france-text\" data-t=\"detail-panel-content-author-name\"> <a class=\"blue bleu-de-france-text\" href=\"https:\/\/stock.adobe.com\/contributor\/204347128\/gstockstudio?load_type=author&amp;prev_url=detail\"> gstockstudio <\/a> <\/span><\/p>\r\n<p>[\/vc_column_text][\/vc_column][\/vc_row]<\/p>","protected":false},"excerpt":{"rendered":"<p>[vc_row][vc_column][vc_column_text] TERTIA GmbHSch\u00f6ntalweg 753347 Alfter b. Bonn Gesch\u00e4ftsf\u00fchrerin:Dr. Kristine M\u00f6rchen Register und Registernummer:Amtsgericht BonnHRB 13 614 Umsatzsteuer-Identifikationsnummer:DE 814616258 Kontakt:Tel.: +49 228 \u2013 64807-0Fax: +49 228 \u2013 64807-470E-Mail: info[at]tertia.de \u00a0 TERTIA Berufsf\u00f6rderung GmbH &amp; Co. KG Pers\u00f6nlich haftende Gesellschafterin:TERTIA Verwaltungs GmbH Handelsregister:Amtsgericht Bonn, HRB 80 30 Sitz der Kommanditgesellschaft:Alfter, Amtsgericht Bonn HRA 64 02 Gesch\u00e4ftsf\u00fchrer:Dr. Kristine &#8230; <a title=\"Impressum\" class=\"read-more\" href=\"https:\/\/talentcenter.tertia.de\/duesseldorf\/impressum\/\" aria-label=\"Mehr Informationen \u00fcber Impressum\">Weiterlesen<\/a><\/p>\n","protected":false},"author":5,"featured_media":0,"parent":0,"menu_order":0,"comment_status":"closed","ping_status":"closed","template":"","meta":{"footnotes":""},"_links":{"self":[{"href":"https:\/\/talentcenter.tertia.de\/duesseldorf\/wp-json\/wp\/v2\/pages\/496"}],"collection":[{"href":"https:\/\/talentcenter.tertia.de\/duesseldorf\/wp-json\/wp\/v2\/pages"}],"about":[{"href":"https:\/\/talentcenter.tertia.de\/duesseldorf\/wp-json\/wp\/v2\/types\/page"}],"author":[{"embeddable":true,"href":"https:\/\/talentcenter.tertia.de\/duesseldorf\/wp-json\/wp\/v2\/users\/5"}],"replies":[{"embeddable":true,"href":"https:\/\/talentcenter.tertia.de\/duesseldorf\/wp-json\/wp\/v2\/comments?post=496"}],"version-history":[{"count":16,"href":"https:\/\/talentcenter.tertia.de\/duesseldorf\/wp-json\/wp\/v2\/pages\/496\/revisions"}],"predecessor-version":[{"id":826,"href":"https:\/\/talentcenter.tertia.de\/duesseldorf\/wp-json\/wp\/v2\/pages\/496\/revisions\/826"}],"wp:attachment":[{"href":"https:\/\/talentcenter.tertia.de\/duesseldorf\/wp-json\/wp\/v2\/media?parent=496"}],"curies":[{"name":"wp","href":"https:\/\/api.w.org\/{rel}","templated":true}]}}