{"id":493,"date":"2020-05-04T19:45:24","date_gmt":"2020-05-04T17:45:24","guid":{"rendered":"https:\/\/talentcenter.tertia.de\/duesseldorf\/?page_id=493"},"modified":"2025-04-28T13:33:24","modified_gmt":"2025-04-28T11:33:24","slug":"startseite","status":"publish","type":"page","link":"https:\/\/talentcenter.tertia.de\/duesseldorf\/","title":{"rendered":"Willkommen!"},"content":{"rendered":"<p>[vc_row][vc_column width=&#8220;1\/2&#8243;][vc_gallery interval=&#8220;3&#8243; images=&#8220;1467&#8243; img_size=&#8220;full&#8220; css=&#8220;.vc_custom_1714049042807{margin-bottom: -44px !important;}&#8220;][\/vc_column][vc_column width=&#8220;1\/2&#8243;][vc_column_text css=&#8220;.vc_custom_1744813716080{border-bottom-width: 3px !important;}&#8220;]<\/p>\r\n<p>Die TERTIA Berufsf\u00f6rderung GmbH &amp; Co. KG ist ein ein langj\u00e4hrig bew\u00e4hrter Partner der Arbeitsverwaltung. Aktuell f\u00fchren wir in D\u00fcsseldorf das <strong>KarriereCenter<\/strong> f\u00fcr Kunden der Bundesagentur f\u00fcr Arbeit und das <strong>Talentcenter<\/strong> f\u00fcr Kunden des Jobcenters durch.<\/p>\r\n<p>Durch individuelle, auf Sie abgestimmte Coachings und Schulungen wollen wir Sie im Bewerbungsprozess unterst\u00fctzen und Ihre Aussichten auf einen Arbeitsplatz verbessern.<\/p>\r\n<p>In unserem Blog stellen wir Ihnen in regelm\u00e4\u00dfigen Abst\u00e4nden interessante, n\u00fctzliche und hilfreiche Informationen rund um die Themen Bewerbung, Vorstellungsgespr\u00e4ch und (Neu-)Orientierung auf dem Arbeitsmarkt vor.<\/p>\r\n<p>[\/vc_column_text][vc_column_text css=&#8220;.vc_custom_1745839988175{padding-top: 3px !important;background-color: #d8defd !important;}&#8220;]<\/p>\r\n<p style=\"text-align: center;\">Flyer <a title=\"Der neue Flyer des KarriereCenter D\u00fcsseldorf\" href=\"https:\/\/talentcenter.tertia.de\/duesseldorf\/wp-content\/uploads\/2025\/04\/Flyer_KarriereCenter_2025.pdf\" target=\"_blank\" rel=\"noopener noreferrer\">KarriereCenter D\u00fcsseldorf<\/a><\/p>\r\n<p>[\/vc_column_text][vc_column_text css=&#8220;.vc_custom_1745839963744{padding-top: 3px !important;background-color: #d8defd !important;}&#8220;]<\/p>\r\n<p style=\"text-align: center;\">Flyer <a title=\"Der neue Flyer des Talentcenter D\u00fcsseldorf\" href=\"https:\/\/talentcenter.tertia.de\/duesseldorf\/wp-content\/uploads\/2025\/04\/Flyer_TC_2025.pdf\" target=\"_blank\" rel=\"noopener noreferrer\">Talentcenter D\u00fcsseldorf<\/a><\/p>\r\n<p>[\/vc_column_text][\/vc_column][\/vc_row][vc_row][vc_column][vc_separator][\/vc_column][\/vc_row][vc_row][vc_column][vc_column_text]<\/p>\r\n<h2><span style=\"color: #0051ba;\">Die neuesten Blogeintr\u00e4ge:<\/span><\/h2>\r\n<p>[\/vc_column_text][\/vc_column][\/vc_row][vc_row css=&#8220;.vc_custom_1588692882864{background-color: #d8defd !important;}&#8220;][vc_column][vc_basic_grid post_type=&#8220;post&#8220; max_items=&#8220;-1&#8243; style=&#8220;pagination&#8220; items_per_page=&#8220;6&#8243; show_filter=&#8220;yes&#8220; filter_color=&#8220;sky&#8220; item=&#8220;700&#8243; grid_id=&#8220;vc_gid:1745839920346-bbc8d2f8-47a7-10&#8243; taxonomies=&#8220;1, 50, 51, 55, 58, 56, 55&#8243; filter_source=&#8220;category&#8220;][\/vc_column][\/vc_row]<\/p>","protected":false},"excerpt":{"rendered":"<p>[vc_row][vc_column width=&#8220;1\/2&#8243;][vc_gallery interval=&#8220;3&#8243; images=&#8220;1467&#8243; img_size=&#8220;full&#8220; css=&#8220;.vc_custom_1714049042807{margin-bottom: -44px !important;}&#8220;][\/vc_column][vc_column width=&#8220;1\/2&#8243;][vc_column_text css=&#8220;.vc_custom_1744813716080{border-bottom-width: 3px !important;}&#8220;] Die TERTIA Berufsf\u00f6rderung GmbH &amp; Co. KG ist ein ein langj\u00e4hrig bew\u00e4hrter Partner der Arbeitsverwaltung. Aktuell f\u00fchren wir in D\u00fcsseldorf das KarriereCenter f\u00fcr Kunden der Bundesagentur f\u00fcr Arbeit und das Talentcenter f\u00fcr Kunden des Jobcenters durch. Durch individuelle, auf Sie abgestimmte Coachings und &#8230; <a title=\"Willkommen!\" class=\"read-more\" href=\"https:\/\/talentcenter.tertia.de\/duesseldorf\/\" aria-label=\"Mehr Informationen \u00fcber Willkommen!\">Weiterlesen<\/a><\/p>\n","protected":false},"author":5,"featured_media":0,"parent":0,"menu_order":0,"comment_status":"closed","ping_status":"closed","template":"","meta":{"footnotes":""},"_links":{"self":[{"href":"https:\/\/talentcenter.tertia.de\/duesseldorf\/wp-json\/wp\/v2\/pages\/493"}],"collection":[{"href":"https:\/\/talentcenter.tertia.de\/duesseldorf\/wp-json\/wp\/v2\/pages"}],"about":[{"href":"https:\/\/talentcenter.tertia.de\/duesseldorf\/wp-json\/wp\/v2\/types\/page"}],"author":[{"embeddable":true,"href":"https:\/\/talentcenter.tertia.de\/duesseldorf\/wp-json\/wp\/v2\/users\/5"}],"replies":[{"embeddable":true,"href":"https:\/\/talentcenter.tertia.de\/duesseldorf\/wp-json\/wp\/v2\/comments?post=493"}],"version-history":[{"count":118,"href":"https:\/\/talentcenter.tertia.de\/duesseldorf\/wp-json\/wp\/v2\/pages\/493\/revisions"}],"predecessor-version":[{"id":1600,"href":"https:\/\/talentcenter.tertia.de\/duesseldorf\/wp-json\/wp\/v2\/pages\/493\/revisions\/1600"}],"wp:attachment":[{"href":"https:\/\/talentcenter.tertia.de\/duesseldorf\/wp-json\/wp\/v2\/media?parent=493"}],"curies":[{"name":"wp","href":"https:\/\/api.w.org\/{rel}","templated":true}]}}